{"id":100,"date":"2013-04-30T10:06:20","date_gmt":"2013-04-30T08:06:20","guid":{"rendered":"https:\/\/www.shservice.se\/?page_id=100"},"modified":"2013-05-28T13:13:19","modified_gmt":"2013-05-28T11:13:19","slug":"hem-2","status":"publish","type":"page","link":"https:\/\/www.shservice.se\/","title":{"rendered":"V\u00e4lkommen"},"content":{"rendered":"<h2>V\u00e4lkommen till SH-service!<\/h2>\n<div class=\"art-content-layout-wrapper layout-item-0\">\n<div class=\"art-content-layout layout-item-1\">\n<div class=\"art-content-layout-row\">\n<div class=\"art-layout-cell layout-item-2\" style=\"width: 33%;\">\n<h3>Om oss<\/h3>\n<p><img loading=\"lazy\" decoding=\"async\" class=\"alignleft, art-lightbox\" style=\"margin-right: 10px;\" alt=\"\" src=\"https:\/\/www.shservice.se\/wp-content\/uploads\/2013\/04\/1.jpg\" width=\"120\" height=\"120\" \/><\/p>\n<p>St\u00e4d &amp; Hem- service \u00e4r f\u00f6retaget med m\u00e5ng\u00e5rig erfarenhet fr\u00e5n st\u00e4dbranschen. Hos oss f\u00e5r du alltid professionellt utf\u00f6rda arbeten, oavsett om det handlar om din inom- eller utomhusmilj\u00f6. Vi v\u00e4nder oss till b\u00e5de privat- och f\u00f6retagskunder.<\/p>\n<p>Genom att vara lyh\u00f6rda och flexibla, kan vi f\u00f6renkla din vardag.<\/p>\n<\/div>\n<div class=\"art-layout-cell layout-item-2\" style=\"width: 35%;\">\n<h3>Hur?<\/h3>\n<p><img loading=\"lazy\" decoding=\"async\" class=\"alignleft, art-lightbox\" style=\"margin-right: 10px;\" alt=\"\" src=\"https:\/\/www.shservice.se\/wp-content\/uploads\/2013\/04\/2.jpg\" width=\"120\" height=\"120\" \/><\/p>\n<p>Vi har en bred erfarenhet fr\u00e5n branschen \u00e4nda sedan i slutet av 70-talet.<\/p>\n<p>Med kvalitetsm\u00e4tningar enligt INSTA 800, som \u00e4r nordisk standard, garanterar vi att h\u00e5lla utlovad kvalit\u00e9. P.g.a. l\u00e5ga omkostnader kan vi erbjuda konkurrenskraftiga priser.<\/p>\n<p>V\u00e5ra medarbete utbildas alltid genom v\u00e5r samarbetspartner <a href=\"http:\/\/www.sukonsult.se\/\" target=\"_blank\">Sv. St\u00e4d &amp; Utb.konsult<\/a>, vilket garanterar kompetent personal.<\/p>\n<\/div>\n<div class=\"art-layout-cell layout-item-3\" style=\"width: 32%;\">\n<h3>F\u00f6retagskunder<\/h3>\n<p>Med v\u00e5r erfarenhet i branschen garanterar vi ett professionellt utf\u00f6rt arbete. Vi kan erbjuda f\u00f6ljande tj\u00e4nster:<\/p>\n<ul>\n<li>Regelm\u00e4ssig st\u00e4dning<\/li>\n<li>Storst\u00e4dning<\/li>\n<li>F\u00f6nsterputs<\/li>\n<li>Golvv\u00e5rd<\/li>\n<li>Tr\u00e4dg\u00e5rdssk\u00f6tsel<\/li>\n<li>Sn\u00f6skottning<\/li>\n<li>Byggst\u00e4dning<\/li>\n<li>Enklare vaktm\u00e4steritj\u00e4nster<\/li>\n<li>Biltv\u00e4tt<\/li>\n<li>Fruktkorgar<\/li>\n<\/ul>\n<p>All v\u00e5r personal utbildas genom Sv. St\u00e4d &amp; Utb.konsult\u00a0\u00a0\u00a0\u00a0\u00a0\u00a0\u00a0\u00a0\u00a0 vilket garanterar en h\u00f6g kvalit\u00e9 p\u00e5 utbildningarna.<\/p>\n<p><a class=\"art-button\" title=\"F\u00f6retagskunder\" href=\"https:\/\/www.shservice.se\/?page_id=67\">Mer<\/a><\/p>\n<\/div>\n<\/div>\n<\/div>\n<\/div>\n<div class=\"art-content-layout-wrapper layout-item-4\">\n<div class=\"art-content-layout layout-item-5\">\n<div class=\"art-content-layout-row\">\n<div class=\"art-layout-cell layout-item-6\" style=\"width: 33%;\">\n<h3><span class=\"hps alt-edited\">Privatkunder<\/span><\/h3>\n<p>Med v\u00e5r erfarenhet i branschen garanterar vi ett professionellt utf\u00f6rt arbete. Vi kan erbjuda f\u00f6ljande tj\u00e4nster:<\/p>\n<ul>\n<li>Veckost\u00e4dning<\/li>\n<li>Storst\u00e4dning<\/li>\n<li>F\u00f6nsterputs<\/li>\n<li>Golvv\u00e5rd<\/li>\n<li>Tr\u00e4dg\u00e5rdssk\u00f6tsel<\/li>\n<li>Sn\u00f6skottning<\/li>\n<li>Biltv\u00e4tt<\/li>\n<li>med mera<\/li>\n<\/ul>\n<p>All v\u00e5r personal utbildas genom Sv. St\u00e4d &amp; Utb.konsult\u00a0\u00a0\u00a0\u00a0\u00a0\u00a0\u00a0\u00a0\u00a0 vilket garanterar en h\u00f6g kvalit\u00e9 p\u00e5 utbildningarna.<\/p>\n<p><a class=\"art-button\" title=\"Privatkunder\" href=\"https:\/\/www.shservice.se\/?page_id=202\">Mer<\/a><\/p>\n<\/div>\n<div class=\"art-layout-cell layout-item-7\" style=\"width: 35%;\">\n<h3>F\u00f6retaget<\/h3>\n<p><img loading=\"lazy\" decoding=\"async\" class=\"art-lightbox\" alt=\"\" src=\"https:\/\/www.shservice.se\/wp-content\/uploads\/2013\/04\/ronnbar.jpg\" width=\"245\" height=\"245\" \/><\/p>\n<\/div>\n<div class=\"art-layout-cell layout-item-2\" style=\"width: 32%;\">\n<p>&nbsp;<\/p>\n<p>&nbsp;<\/p>\n<p>Vi \u00e4r ett relativt nystartat f\u00f6retag, men med 35 \u00e5rs erfarenhet fr\u00e5n st\u00e4dbranschen.<\/p>\n<p>Det inneb\u00e4r att vi har en mycket bred erfarenhet. Hos oss f\u00e5r du alltid ett professionellt bem\u00f6tande oavsett det g\u00e4ller golvkunskap eller seri\u00f6s tidss\u00e4ttning och pris p\u00e5 tj\u00e4nsten.<\/p>\n<\/div>\n<\/div>\n<\/div>\n<\/div>\n","protected":false},"excerpt":{"rendered":"<p>V\u00e4lkommen till SH-service! Om oss St\u00e4d &amp; Hem- service \u00e4r f\u00f6retaget med m\u00e5ng\u00e5rig erfarenhet fr\u00e5n st\u00e4dbranschen. Hos oss f\u00e5r du alltid professionellt utf\u00f6rda arbeten, oavsett om det handlar om din inom- eller utomhusmilj\u00f6. Vi v\u00e4nder oss till b\u00e5de privat- och f\u00f6retagskunder. Genom att vara lyh\u00f6rda och flexibla, kan vi f\u00f6renkla din vardag. Hur? Vi har [&hellip;]<\/p>\n","protected":false},"author":1,"featured_media":0,"parent":0,"menu_order":1,"comment_status":"closed","ping_status":"open","template":"","meta":{"footnotes":""},"class_list":["post-100","page","type-page","status-publish","hentry"],"_links":{"self":[{"href":"https:\/\/www.shservice.se\/index.php?rest_route=\/wp\/v2\/pages\/100","targetHints":{"allow":["GET"]}}],"collection":[{"href":"https:\/\/www.shservice.se\/index.php?rest_route=\/wp\/v2\/pages"}],"about":[{"href":"https:\/\/www.shservice.se\/index.php?rest_route=\/wp\/v2\/types\/page"}],"author":[{"embeddable":true,"href":"https:\/\/www.shservice.se\/index.php?rest_route=\/wp\/v2\/users\/1"}],"replies":[{"embeddable":true,"href":"https:\/\/www.shservice.se\/index.php?rest_route=%2Fwp%2Fv2%2Fcomments&post=100"}],"version-history":[{"count":30,"href":"https:\/\/www.shservice.se\/index.php?rest_route=\/wp\/v2\/pages\/100\/revisions"}],"predecessor-version":[{"id":212,"href":"https:\/\/www.shservice.se\/index.php?rest_route=\/wp\/v2\/pages\/100\/revisions\/212"}],"wp:attachment":[{"href":"https:\/\/www.shservice.se\/index.php?rest_route=%2Fwp%2Fv2%2Fmedia&parent=100"}],"curies":[{"name":"wp","href":"https:\/\/api.w.org\/{rel}","templated":true}]}}