{"id":148,"date":"2013-04-30T14:19:19","date_gmt":"2013-04-30T12:19:19","guid":{"rendered":"https:\/\/www.shservice.se\/?page_id=148"},"modified":"2013-04-30T14:19:19","modified_gmt":"2013-04-30T12:19:19","slug":"arbeta-hos-oss","status":"publish","type":"page","link":"https:\/\/www.shservice.se\/?page_id=148","title":{"rendered":"Arbeta hos oss!"},"content":{"rendered":"<p><strong>\u00c4r du intresserad av en anst\u00e4llning \u00e4r du v\u00e4lkommen att fylla i nedanst\u00e5ende intresseanm\u00e4lan.<\/strong><\/p>\n<link rel='stylesheet' id='formidable-css' href='https:\/\/www.shservice.se\/wp-content\/plugins\/formidable\/css\/formidableforms.css?ver=1124831' type='text\/css' media='all' \/>\n<div class=\"frm_forms  with_frm_style frm_style_formidable-style\" id=\"frm_form_6_container\" >\n<form enctype=\"multipart\/form-data\" method=\"post\" class=\"frm-show-form \" id=\"form_14p7lm\" >\n<div class=\"frm_form_fields \">\n<fieldset>\n\r\n<div class=\"frm_fields_container\">\n<input type=\"hidden\" name=\"frm_action\" value=\"create\" \/>\n<input type=\"hidden\" name=\"form_id\" value=\"6\" \/>\n<input type=\"hidden\" name=\"frm_hide_fields_6\" id=\"frm_hide_fields_6\" value=\"\" \/>\n<input type=\"hidden\" name=\"form_key\" value=\"14p7lm\" \/>\n<input type=\"hidden\" name=\"item_meta[0]\" value=\"\" \/>\n<input type=\"hidden\" id=\"frm_submit_entry_6\" name=\"frm_submit_entry_6\" value=\"48c3ad441b\" \/><input type=\"hidden\" name=\"_wp_http_referer\" value=\"\/index.php?rest_route=%2Fwp%2Fv2%2Fpages%2F148\" \/><div id=\"frm_field_27_container\" class=\"frm_form_field form-field  frm_required_field frm_top_container\">\r\n    <label  class=\"frm_primary_label\">F\u00f6rnamn:\r\n        <span class=\"frm_required\">*<\/span>\r\n    <\/label>\r\n    <input type=\"text\" id=\"field_frnamn2\" name=\"item_meta[27]\" value=\"\"  data-reqmsg=\"Ange ditt f\u00f6rnamn!\" aria-required=\"true\" data-invmsg=\"F\u00f6rnamn: \u00e4r ogiltigt\" aria-invalid=\"false\"  \/>\r\n    \r\n    \r\n<\/div>\n<div id=\"frm_field_28_container\" class=\"frm_form_field form-field  frm_required_field frm_top_container\">\r\n    <label  class=\"frm_primary_label\">Efternamn:\r\n        <span class=\"frm_required\">*<\/span>\r\n    <\/label>\r\n    <input type=\"text\" id=\"field_efternamn2\" name=\"item_meta[28]\" value=\"\"  data-reqmsg=\"Ange ditt efternamn!\" aria-required=\"true\" data-invmsg=\"Efternamn: \u00e4r ogiltigt\" aria-invalid=\"false\"  \/>\r\n    \r\n    \r\n<\/div>\n<div id=\"frm_field_29_container\" class=\"frm_form_field form-field  frm_required_field frm_top_container\">\r\n    <label  class=\"frm_primary_label\">Gatu- eller boxadress:\r\n        <span class=\"frm_required\">*<\/span>\r\n    <\/label>\r\n    <input type=\"text\" id=\"field_gatu-ellerboxadress2\" name=\"item_meta[29]\" value=\"\"  data-reqmsg=\"Ange din gatu- eller boxadress!\" aria-required=\"true\" data-invmsg=\"Gatu- eller boxadress: \u00e4r ogiltigt\" aria-invalid=\"false\"  \/>\r\n    \r\n    \r\n<\/div>\n<div id=\"frm_field_30_container\" class=\"frm_form_field form-field  frm_required_field frm_top_container\">\r\n    <label  class=\"frm_primary_label\">Postnummer:\r\n        <span class=\"frm_required\">*<\/span>\r\n    <\/label>\r\n    <input type=\"text\" id=\"field_postnummer2\" name=\"item_meta[30]\" value=\"\"  data-reqmsg=\"Ange ditt postnummer med fem siffror!\" aria-required=\"true\" data-invmsg=\"Postnummer: \u00e4r ogiltigt\" aria-invalid=\"false\"  \/>\r\n    \r\n    \r\n<\/div>\n<div id=\"frm_field_31_container\" class=\"frm_form_field form-field  frm_required_field frm_top_container\">\r\n    <label  class=\"frm_primary_label\">Postadress:\r\n        <span class=\"frm_required\">*<\/span>\r\n    <\/label>\r\n    <input type=\"text\" id=\"field_postadress2\" name=\"item_meta[31]\" value=\"\"  data-reqmsg=\"Ange din postadress (ort)!\" aria-required=\"true\" data-invmsg=\"Postadress: \u00e4r ogiltigt\" aria-invalid=\"false\"  \/>\r\n    \r\n    \r\n<\/div>\n<div id=\"frm_field_32_container\" class=\"frm_form_field form-field  frm_required_field frm_top_container\">\r\n    <label  class=\"frm_primary_label\">Telefon och\/eller mobiltelefon:\r\n        <span class=\"frm_required\">*<\/span>\r\n    <\/label>\r\n    <input type=\"text\" id=\"field_telefonellermobiltelefon\" name=\"item_meta[32]\" value=\"\"  data-reqmsg=\"Ange ett telefonnummer d\u00e4r vi kan n\u00e5 dig! Gl\u00f6m inte riktnumret!\" aria-required=\"true\" data-invmsg=\"Telefon och\/eller mobiltelefon: \u00e4r ogiltigt\" aria-invalid=\"false\"  \/>\r\n    \r\n    \r\n<\/div>\n<div id=\"frm_field_33_container\" class=\"frm_form_field form-field  frm_top_container\">\r\n    <label  class=\"frm_primary_label\">E-post\r\n        <span class=\"frm_required\"><\/span>\r\n    <\/label>\r\n    <input type=\"text\" id=\"field_e-post2\" name=\"item_meta[33]\" value=\"\"  data-invmsg=\"E-post \u00e4r ogiltigt\" aria-invalid=\"false\"  \/>\r\n    \r\n    \r\n<\/div>\n<div id=\"frm_field_35_container\" class=\"frm_form_field form-field  frm_required_field frm_top_container vertical_radio\">\r\n    <label for=\"field_hardukrkortfrbil\" class=\"frm_primary_label\">Har du k\u00f6rkort f\u00f6r bil?\r\n        <span class=\"frm_required\">*<\/span>\r\n    <\/label>\r\n    <div class=\"frm_opt_container\">\t\t<div class=\"frm_radio\" id=\"frm_radio_35-0\">\t\t\t<label  for=\"field_hardukrkortfrbil-0\">\n\t\t\t\t\t<input type=\"radio\" name=\"item_meta[35]\" id=\"field_hardukrkortfrbil-0\" value=\"Ja\"\n\t\t   data-reqmsg=\"Ange om du har k\u00f6rkort f\u00f6r bil eller ej!\" data-invmsg=\"Har du k\u00f6rkort f\u00f6r bil? \u00e4r ogiltigt\"  \/> Ja<\/label><\/div>\n\t\t<div class=\"frm_radio\" id=\"frm_radio_35-1\">\t\t\t<label  for=\"field_hardukrkortfrbil-1\">\n\t\t\t\t\t<input type=\"radio\" name=\"item_meta[35]\" id=\"field_hardukrkortfrbil-1\" value=\"Nej\"\n\t\t   data-reqmsg=\"Ange om du har k\u00f6rkort f\u00f6r bil eller ej!\" data-invmsg=\"Har du k\u00f6rkort f\u00f6r bil? \u00e4r ogiltigt\"  \/> Nej<\/label><\/div>\n<\/div>\r\n    \r\n    \r\n<\/div>\n<div id=\"frm_field_36_container\" class=\"frm_form_field form-field  frm_required_field frm_top_container vertical_radio\">\r\n    <label for=\"field_hardutillgngtillbil\" class=\"frm_primary_label\">Har du tillg\u00e5ng till bil?\r\n        <span class=\"frm_required\">*<\/span>\r\n    <\/label>\r\n    <div class=\"frm_opt_container\">\t\t<div class=\"frm_radio\" id=\"frm_radio_36-0\">\t\t\t<label  for=\"field_hardutillgngtillbil-0\">\n\t\t\t\t\t<input type=\"radio\" name=\"item_meta[36]\" id=\"field_hardutillgngtillbil-0\" value=\"Ja\"\n\t\t   data-reqmsg=\"Ange om du har tillg\u00e5ng till bil eller ej!\" data-invmsg=\"Har du tillg\u00e5ng till bil? \u00e4r ogiltigt\"  \/> Ja<\/label><\/div>\n\t\t<div class=\"frm_radio\" id=\"frm_radio_36-1\">\t\t\t<label  for=\"field_hardutillgngtillbil-1\">\n\t\t\t\t\t<input type=\"radio\" name=\"item_meta[36]\" id=\"field_hardutillgngtillbil-1\" value=\"Nej\"\n\t\t   data-reqmsg=\"Ange om du har tillg\u00e5ng till bil eller ej!\" data-invmsg=\"Har du tillg\u00e5ng till bil? \u00e4r ogiltigt\"  \/> Nej<\/label><\/div>\n<\/div>\r\n    \r\n    \r\n<\/div>\n<div id=\"frm_field_37_container\" class=\"frm_form_field form-field  frm_required_field frm_top_container\">\r\n    <label  class=\"frm_primary_label\">Ange hur m\u00e5nga timmar du vill arbeta per vecka:\r\n        <span class=\"frm_required\">*<\/span>\r\n    <\/label>\r\n    <input type=\"text\" id=\"field_angehurmngatimmarduvillarbetapervecka\" name=\"item_meta[37]\" value=\"\"  data-reqmsg=\"Ange hur m\u00e5nga timmar per vecka du kan t\u00e4nka dig att arbeta!\" aria-required=\"true\" data-invmsg=\"Ange hur m\u00e5nga timmar du vill arbeta per vecka: \u00e4r ogiltigt\" aria-invalid=\"false\"  \/>\r\n    \r\n    \r\n<\/div>\n<div id=\"frm_field_38_container\" class=\"frm_form_field form-field  frm_top_container\">\r\n    <label  class=\"frm_primary_label\">\u00d6vriga upplysningar, yrkeserfarenhet etc.:\r\n        <span class=\"frm_required\"><\/span>\r\n    <\/label>\r\n    <textarea name=\"item_meta[38]\" id=\"field_vrigaupplysningararbetserfarenhetetc\" rows=\"5\"  data-invmsg=\"\u00d6vriga upplysningar, yrkeserfarenhet etc.: \u00e4r ogiltigt\" aria-invalid=\"false\"  ><\/textarea>\r\n    \r\n    \r\n<\/div>\n<div id=\"frm_field_50_container\" class=\"frm_form_field form-field  frm_top_container\">\n    <label  class=\"frm_primary_label\">Verifiera att du \u00e4r en verklig person!\n        <span class=\"frm_required\"><\/span>\n    <\/label>\n    <div  id=\"field_verifieraattdurenverkligperson\" class=\"frm-g-recaptcha\" data-sitekey=\"6LdnrOASAAAAAD98eHDVl2vI_yTY2pXYj0TYzoO8\" data-size=\"normal\" data-theme=\"light\"><\/div>\n    <div id=\"frm_desc_field_verifieraattdurenverkligperson\" class=\"frm_description\">Markera rutan ovan - annars kan du inte skicka formul\u00e4ret. Detta verifierar att du \u00e4r en riktig person och inte n\u00e5gon spam-robot.<\/div>\n    \n<\/div>\n\t<input type=\"hidden\" name=\"item_key\" value=\"\" \/>\n\t\t\t<div id=\"frm_field_85_container\">\n\t\t\t<label for=\"field_wgsfr\" >\n\t\t\t\tOm du \u00e4r m\u00e4nsklig, l\u00e4mna det h\u00e4r f\u00e4ltet tomt.\t\t\t<\/label>\n\t\t\t<input  id=\"field_wgsfr\" type=\"text\" class=\"frm_form_field form-field frm_verify\" name=\"item_meta[85]\" value=\"\"  \/>\n\t\t<\/div>\n\t\t<input name=\"frm_state\" type=\"hidden\" value=\"y3kncgSDjRAG1dtqYfoD+iMuSCmDxJMAUV6nwIpqhzg=\" \/><div class=\"frm_submit frm_flex\">\n<button class=\"frm_button_submit\" type=\"submit\"  >Skicka<\/button>\n\n\n\n<\/div><\/div>\n<\/fieldset>\n<\/div>\n\n<p style=\"display: none !important;\" class=\"akismet-fields-container\" data-prefix=\"ak_\"><label>&#916;<textarea name=\"ak_hp_textarea\" cols=\"45\" rows=\"8\" maxlength=\"100\"><\/textarea><\/label><input type=\"hidden\" id=\"ak_js_1\" name=\"ak_js\" value=\"156\"\/><script>document.getElementById( \"ak_js_1\" ).setAttribute( \"value\", ( new Date() ).getTime() );<\/script><\/p><\/form>\n<\/div>\n\n","protected":false},"excerpt":{"rendered":"<p>\u00c4r du intresserad av en anst\u00e4llning \u00e4r du v\u00e4lkommen att fylla i nedanst\u00e5ende intresseanm\u00e4lan.<\/p>\n","protected":false},"author":1,"featured_media":0,"parent":0,"menu_order":0,"comment_status":"closed","ping_status":"open","template":"","meta":{"footnotes":""},"class_list":["post-148","page","type-page","status-publish","hentry"],"_links":{"self":[{"href":"https:\/\/www.shservice.se\/index.php?rest_route=\/wp\/v2\/pages\/148","targetHints":{"allow":["GET"]}}],"collection":[{"href":"https:\/\/www.shservice.se\/index.php?rest_route=\/wp\/v2\/pages"}],"about":[{"href":"https:\/\/www.shservice.se\/index.php?rest_route=\/wp\/v2\/types\/page"}],"author":[{"embeddable":true,"href":"https:\/\/www.shservice.se\/index.php?rest_route=\/wp\/v2\/users\/1"}],"replies":[{"embeddable":true,"href":"https:\/\/www.shservice.se\/index.php?rest_route=%2Fwp%2Fv2%2Fcomments&post=148"}],"version-history":[{"count":5,"href":"https:\/\/www.shservice.se\/index.php?rest_route=\/wp\/v2\/pages\/148\/revisions"}],"predecessor-version":[{"id":153,"href":"https:\/\/www.shservice.se\/index.php?rest_route=\/wp\/v2\/pages\/148\/revisions\/153"}],"wp:attachment":[{"href":"https:\/\/www.shservice.se\/index.php?rest_route=%2Fwp%2Fv2%2Fmedia&parent=148"}],"curies":[{"name":"wp","href":"https:\/\/api.w.org\/{rel}","templated":true}]}}