{"id":202,"date":"2013-05-28T13:12:08","date_gmt":"2013-05-28T11:12:08","guid":{"rendered":"https:\/\/www.shservice.se\/?page_id=202"},"modified":"2014-03-18T08:38:27","modified_gmt":"2014-03-18T07:38:27","slug":"privatkunder","status":"publish","type":"page","link":"https:\/\/www.shservice.se\/?page_id=202","title":{"rendered":"Privatkunder"},"content":{"rendered":"<p><a href=\"https:\/\/www.shservice.se\/wp-content\/uploads\/2013\/05\/ulvon_mot_lyckorna.jpg\"><img loading=\"lazy\" decoding=\"async\" class=\"size-medium wp-image-207 alignright\" alt=\"T\/S Britta vid flytbryggan p\u00e5 Ulv\u00f6n.\" src=\"https:\/\/www.shservice.se\/wp-content\/uploads\/2013\/05\/ulvon_mot_lyckorna-196x300.jpg\" width=\"196\" height=\"300\" srcset=\"https:\/\/www.shservice.se\/wp-content\/uploads\/2013\/05\/ulvon_mot_lyckorna-196x300.jpg 196w, https:\/\/www.shservice.se\/wp-content\/uploads\/2013\/05\/ulvon_mot_lyckorna.jpg 574w\" sizes=\"auto, (max-width: 196px) 100vw, 196px\" \/><\/a><\/p>\n<p><strong>Med v\u00e5r erfarenhet i branschen garanterar vi ett professionellt utf\u00f6rt arbete. Vi kan erbjuda f\u00f6ljande tj\u00e4nster:<\/strong><\/p>\n<ul>\n<li>Regelm\u00e4ssig st\u00e4dning<\/li>\n<li>Storst\u00e4dning<\/li>\n<li>F\u00f6nsterputs<\/li>\n<li>Golvv\u00e5rd<\/li>\n<li>Tr\u00e4dg\u00e5rdssk\u00f6tsel<\/li>\n<li>Sn\u00f6skottning<\/li>\n<li>Biltv\u00e4tt<\/li>\n<li>&#8230; med mera<\/li>\n<\/ul>\n<p>All v\u00e5r personal utbildas genom Sv. St\u00e4d &amp; Utb.konsult \u00a0vilket garanterar en h\u00f6g kvalit\u00e9 p\u00e5 utbildningarna.<\/p>\n<p>Vidare garanterar vi fullst\u00e4ndig diskretion n\u00e4r det g\u00e4ller arbeten i privata hem.<\/p>\n<p>Vi samarbetar med k\u00e4nda leverant\u00f6rer vid ink\u00f6p av st\u00e4dutrustningar vilket garanterar b\u00e4sta m\u00f6jliga utrustningar.<\/p>\n","protected":false},"excerpt":{"rendered":"<p>Med v\u00e5r erfarenhet i branschen garanterar vi ett professionellt utf\u00f6rt arbete. Vi kan erbjuda f\u00f6ljande tj\u00e4nster: Regelm\u00e4ssig st\u00e4dning Storst\u00e4dning F\u00f6nsterputs Golvv\u00e5rd Tr\u00e4dg\u00e5rdssk\u00f6tsel Sn\u00f6skottning Biltv\u00e4tt &#8230; med mera All v\u00e5r personal utbildas genom Sv. St\u00e4d &amp; Utb.konsult \u00a0vilket garanterar en h\u00f6g kvalit\u00e9 p\u00e5 utbildningarna. Vidare garanterar vi fullst\u00e4ndig diskretion n\u00e4r det g\u00e4ller arbeten i privata hem. [&hellip;]<\/p>\n","protected":false},"author":1,"featured_media":207,"parent":0,"menu_order":0,"comment_status":"closed","ping_status":"open","template":"","meta":{"footnotes":""},"class_list":["post-202","page","type-page","status-publish","has-post-thumbnail","hentry"],"_links":{"self":[{"href":"https:\/\/www.shservice.se\/index.php?rest_route=\/wp\/v2\/pages\/202","targetHints":{"allow":["GET"]}}],"collection":[{"href":"https:\/\/www.shservice.se\/index.php?rest_route=\/wp\/v2\/pages"}],"about":[{"href":"https:\/\/www.shservice.se\/index.php?rest_route=\/wp\/v2\/types\/page"}],"author":[{"embeddable":true,"href":"https:\/\/www.shservice.se\/index.php?rest_route=\/wp\/v2\/users\/1"}],"replies":[{"embeddable":true,"href":"https:\/\/www.shservice.se\/index.php?rest_route=%2Fwp%2Fv2%2Fcomments&post=202"}],"version-history":[{"count":8,"href":"https:\/\/www.shservice.se\/index.php?rest_route=\/wp\/v2\/pages\/202\/revisions"}],"predecessor-version":[{"id":225,"href":"https:\/\/www.shservice.se\/index.php?rest_route=\/wp\/v2\/pages\/202\/revisions\/225"}],"wp:featuredmedia":[{"embeddable":true,"href":"https:\/\/www.shservice.se\/index.php?rest_route=\/wp\/v2\/media\/207"}],"wp:attachment":[{"href":"https:\/\/www.shservice.se\/index.php?rest_route=%2Fwp%2Fv2%2Fmedia&parent=202"}],"curies":[{"name":"wp","href":"https:\/\/api.w.org\/{rel}","templated":true}]}}