{"id":67,"date":"2013-04-29T15:46:11","date_gmt":"2013-04-29T13:46:11","guid":{"rendered":"https:\/\/www.shservice.se\/?page_id=67"},"modified":"2013-05-06T15:53:15","modified_gmt":"2013-05-06T13:53:15","slug":"foretagskunder","status":"publish","type":"page","link":"https:\/\/www.shservice.se\/?page_id=67","title":{"rendered":"F\u00f6retagskunder"},"content":{"rendered":"<p><strong><a href=\"https:\/\/www.shservice.se\/wp-content\/uploads\/2013\/05\/ulvon_mot_lj-kile.jpg\"><img loading=\"lazy\" decoding=\"async\" class=\"alignright size-medium wp-image-162\" alt=\"T\/S Britta vid flytbryggan p\u00e5 Ulv\u00f6n\" src=\"https:\/\/www.shservice.se\/wp-content\/uploads\/2013\/05\/ulvon_mot_lj-kile-216x300.jpg\" width=\"216\" height=\"300\" srcset=\"https:\/\/www.shservice.se\/wp-content\/uploads\/2013\/05\/ulvon_mot_lj-kile-216x300.jpg 216w, https:\/\/www.shservice.se\/wp-content\/uploads\/2013\/05\/ulvon_mot_lj-kile.jpg 432w\" sizes=\"auto, (max-width: 216px) 100vw, 216px\" \/><\/a>Med v\u00e5r erfarenhet i branschen garanterar vi ett professionellt utf\u00f6rt arbete. Vi kan erbjuda f\u00f6ljande tj\u00e4nster:<\/strong><\/p>\n<ul>\n<li>Regelm\u00e4ssig st\u00e4dning<\/li>\n<li>Storst\u00e4dning<\/li>\n<li>F\u00f6nsterputs<\/li>\n<li>Golvv\u00e5rd<\/li>\n<li>Tr\u00e4dg\u00e5rdssk\u00f6tsel<\/li>\n<li>Sn\u00f6skottning<\/li>\n<li>Byggst\u00e4dning<\/li>\n<li>Enklare vaktm\u00e4steritj\u00e4nster<\/li>\n<li>Biltv\u00e4tt<\/li>\n<li>Fruktkorgar<\/li>\n<\/ul>\n<p>All v\u00e5r personal utbildas genom Sv. St\u00e4d &amp; Utb.konsult \u00a0vilket garanterar en h\u00f6g kvalit\u00e9 p\u00e5 utbildningarna.<\/p>\n<p>Vidare utf\u00f6r vi kvalitetskontroller 1 g\u00e5ng\/kvartal enligt \u00a0den Nordiska standarden INSTA 800. \u00c4ven detta utf\u00f6rs externt av <a href=\"http:\/\/www.sukonsult.se\/\" target=\"_blank\">Sv. St\u00e4d &amp; Utb.konsult<\/a> f\u00f6r att garantera en opartisk kontroll. Ut\u00f6ver detta genomf\u00f6rs kontroller \u00a0l\u00f6pande dock minst 1 g\u00e5ng\/m\u00e5nad<\/p>\n<p>F\u00f6r att f\u00e5 en seri\u00f6s tidss\u00e4ttning anv\u00e4nds <strong><em>Delta St\u00e4dsystem<\/em><\/strong>. Detta program anv\u00e4nds av kommuner och \u00a0privata f\u00f6retag i hela Sverige.<\/p>\n<p>Vid kontraktsskrivning levereras f\u00e4rglagda ritningar, d\u00e4r frekvenser, kvaliteter m.m. i varje rum redovisas.<\/p>\n<p>Vi samarbetar med k\u00e4nda leverant\u00f6rer vid ink\u00f6p av st\u00e4dutrustningar vilket garanterar b\u00e4sta m\u00f6jliga utrustningar.<\/p>\n<p>&nbsp;<\/p>\n<p>&nbsp;<\/p>\n","protected":false},"excerpt":{"rendered":"<p>Med v\u00e5r erfarenhet i branschen garanterar vi ett professionellt utf\u00f6rt arbete. Vi kan erbjuda f\u00f6ljande tj\u00e4nster: Regelm\u00e4ssig st\u00e4dning Storst\u00e4dning F\u00f6nsterputs Golvv\u00e5rd Tr\u00e4dg\u00e5rdssk\u00f6tsel Sn\u00f6skottning Byggst\u00e4dning Enklare vaktm\u00e4steritj\u00e4nster Biltv\u00e4tt Fruktkorgar All v\u00e5r personal utbildas genom Sv. St\u00e4d &amp; Utb.konsult \u00a0vilket garanterar en h\u00f6g kvalit\u00e9 p\u00e5 utbildningarna. Vidare utf\u00f6r vi kvalitetskontroller 1 g\u00e5ng\/kvartal enligt \u00a0den Nordiska standarden INSTA [&hellip;]<\/p>\n","protected":false},"author":1,"featured_media":0,"parent":0,"menu_order":0,"comment_status":"closed","ping_status":"open","template":"","meta":{"footnotes":""},"class_list":["post-67","page","type-page","status-publish","hentry"],"_links":{"self":[{"href":"https:\/\/www.shservice.se\/index.php?rest_route=\/wp\/v2\/pages\/67","targetHints":{"allow":["GET"]}}],"collection":[{"href":"https:\/\/www.shservice.se\/index.php?rest_route=\/wp\/v2\/pages"}],"about":[{"href":"https:\/\/www.shservice.se\/index.php?rest_route=\/wp\/v2\/types\/page"}],"author":[{"embeddable":true,"href":"https:\/\/www.shservice.se\/index.php?rest_route=\/wp\/v2\/users\/1"}],"replies":[{"embeddable":true,"href":"https:\/\/www.shservice.se\/index.php?rest_route=%2Fwp%2Fv2%2Fcomments&post=67"}],"version-history":[{"count":5,"href":"https:\/\/www.shservice.se\/index.php?rest_route=\/wp\/v2\/pages\/67\/revisions"}],"predecessor-version":[{"id":163,"href":"https:\/\/www.shservice.se\/index.php?rest_route=\/wp\/v2\/pages\/67\/revisions\/163"}],"wp:attachment":[{"href":"https:\/\/www.shservice.se\/index.php?rest_route=%2Fwp%2Fv2%2Fmedia&parent=67"}],"curies":[{"name":"wp","href":"https:\/\/api.w.org\/{rel}","templated":true}]}}